{"id":24,"date":"2019-05-13T06:37:16","date_gmt":"2019-05-13T06:37:16","guid":{"rendered":"http:\/\/sencico.org\/wp\/?page_id=24"},"modified":"2026-03-11T10:24:22","modified_gmt":"2026-03-11T10:24:22","slug":"page001-2","status":"publish","type":"page","link":"https:\/\/www.sencico.org\/wp\/","title":{"rendered":"HOME"},"content":{"rendered":"\n<figure><img decoding=\"async\" src=\"http:\/\/sencico.org\/wp\/wp-content\/uploads\/2019\/10\/home-baner6ss.jpg\" alt=\"Senior Citizens Council - Mauritius\">\n<figcaption>Senior Citizens Council \u2013 Established in 1985 \u2013 Republic of Mauritius<\/figcaption>\n<\/figure>\n<br>\n<br>\n<p>Interview de la Matinale &#8211; Vijay Naraidoo &#8211; 10 F\u00e9vrier 2026<br>\n<a href=\"https:\/\/www.youtube.com\/live\/i5VuSN4EPME\" target=\"_blank\" rel=\"noopener\">https:\/\/www.youtube.com\/live\/i5VuSN4EPME<\/a>\n<\/p>\n<br>\n<br>\n<img loading=\"lazy\" decoding=\"async\" src=\"..\/docs\/global_rally.jpg\" width=\"800\" height=\"266\">\n<img loading=\"lazy\" decoding=\"async\" src=\"..\/docs\/Ageism.jpg\" width=\"855\" height=\"998\">\n<img loading=\"lazy\" decoding=\"async\" src=\"..\/docs\/sencico_eoymes2025.jpg\" width=\"1272\" height=\"1800\">\n\n\n\n<p>&nbsp;<\/p>\n\n\n\n<p>Dear All,<br> <br> Welcome to the website of the Senior Citizens Council, a body corporate under the Ministry of Social Integration, Social Security and National Solidarity in Mauritius dedicated to enhancing the lives of our senior citizens. Our mission centers on fostering an active and fulfilling lifestyle for seniors, addressing their unique needs, and advocating for their rights and welfare.<br><br> Our objectives are designed to ensure that seniors remain vibrant members of our community. We implement various activities and projects aimed at keeping our seniors engaged and active. We also actively identify areas where improvements in their welfare are needed, ensuring that their voices are heard and their concerns are addressed.<br> <br> Effective communication with seniors is a cornerstone of our work, and we strive to maintain an open dialogue to understand their needs better. Additionally, we seek to establish connections with local and international organizations that share our commitment to improving the lives of senior citizens. This collaboration is crucial as we work collectively towards common goals.<br> <br> In alignment with recommendations from esteemed bodies such as the International Federation on Ageing (IFA), the F\u00e9d\u00e9ration Internationale des Associations des Personnes \u00c2g\u00e9es (FIAPA), HelpAge International, and the UN Inter-Agency Group on Ageing, we are particularly attuned to the new and emerging challenges faced by the elderly in our society. These include issues related to health care, social isolation, and financial security, among others. By staying informed and responsive to these challenges, we aim to advise our government effectively on policies and initiatives that will enhance the well-being of our seniors.<br><br> We invite you to explore our website for updates, and opportunities for involvement. Your engagement is vital in furthering our mission to create a supportive and nurturing environment for our older citizens.<br> <br> Thank you for your continued support.<br> <br> Warm regards,<br> Senior Citizens Council Mauritius<br><br><\/p>\n\n\n\n<p>Corporate Body established in 1985 and governed by the Senior Citizens Council Act 1995 as amended on 06 July 2011 and operates under the aegis of the Ministry of Social Integration, Social Security and National Solidarity (MSS).<\/p>\n\n\n\n<p>&nbsp;<\/p>\n\n\n\n<p style=\"background-color:#88baee;color:#a30f00;text-align:center\" class=\"has-text-color has-background has-medium-font-size\"><p style=\"background-color: #88baee; color: #a30f00; text-align: center;\">OUR VISION<\/p><\/p>\n\n\n\n<p style=\"font-size:18px\">The Vision of the Senior Citizens Council is to encourage our senior citizens to lead an active and healthy life in dignity and in full enjoyment of their rights and independence.<\/p>\n\n\n\n<p>&nbsp;<\/p>\n\n\n\n<p style=\"background-color:#88baee;color:#a31e00;text-align:center\" class=\"has-text-color has-background has-medium-font-size\"><p style=\"background-color: #88baee; color: #a31e00; text-align: center;\">MISSION<\/p><\/p>\n\n\n\n<p style=\"font-size:18px\">To promote the well- being and social integration of senior citizens.<\/p>\n\n\n\n<p style=\"font-size: 22px;\"><strong>&nbsp;<\/strong><strong><br>MEMBERSHIP \/ AFFILIATION<\/strong><\/p>\nIn accordance with the Senior Citizens Act, membership to the Council is opened to any voluntary organisation catering for senior citizens aged 55 and above and registered with the Registrar of Associations. As at May 2025, some 847 Senior Citizens Associations in Mauritius and 68 Senior Citizens Associations in Rodrigues (making a total of 915) grouping some 97,284 Members were affiliated to the Council.\n\n\n\n<p style=\"background-color:#86a9b8;color:#224e60;text-align:center\" class=\"has-text-color has-background has-medium-font-size\"><p style=\"background-color: #86a9b8; color: #224e60; text-align: center;\">News &amp; Events<\/p><\/p>\n\n\n\n<style type=\"text\/css\">\n<!--\n.style1 {\n\tcolor: #FF0000;\n\tfont-weight: bold;\n}\n-->\n<\/style>\n\n\n\n<style type=\"text\/css\">\n<!--\n.style1 {color: #FF0000}\n-->\n<\/style>\n\n\n\n<style type=\"text\/css\">\n<!--\n.style1 {color: #FF0000}\n-->\n<\/style>\n<p><span class=\"style1\">INTERNATIONAL DAY OF OLDER PERSONS 2025<\/span><br> \u201cOur Aspirations, Our Wellbeing, Our Rights\u201d <br><a href=\"https:\/\/www.instagram.com\/reel\/DPQmjrjFIVQ\/\" target=\"_blank\" rel=\"noopener\">https:\/\/www.instagram.com\/reel\/DPQmjrjFIVQ\/<\/a><br><\/p>\n\n\n\n<p><span class=\"style1\">Election of District Representatives 2025<\/span><br>\n<\/p>\n\n\n\n<p><a href=\"..\/docs\/ELECTION RESULTS 2025-2027.pdf\" target=\"_blank\" rel=\"noopener noreferrer\"><blink>Election Results 2025-2027<\/blink><\/a><br><\/p>\n\n\n\n<p><strong>National Audit Office<\/strong><br>\n<\/p>\n\n\n\n<p><a href=\"..\/docs\/Annual_Report_2022_2023.pdf\" target=\"_blank\" rel=\"noreferrer noopener\">Report of the Director of Audit and Financial Statements for the year 2022-2023<\/a><br><\/p>\n\n\n\n<p><strong>Upcoming Event<\/strong><\/p>\n\n\n<p><\/p>","protected":false},"excerpt":{"rendered":"<p>Senior Citizens Council \u2013 Established in 1985 \u2013 Republic of Mauritius Interview de la Matinale &#8211; Vijay Naraidoo &#8211; 10 F\u00e9vrier 2026 https:\/\/www.youtube.com\/live\/i5VuSN4EPME &nbsp; Dear All, Welcome to the website of the Senior Citizens Council, a body corporate under the Ministry of Social Integration, Social Security and National Solidarity in Mauritius dedicated to enhancing the &#8230; <a title=\"HOME\" class=\"read-more\" href=\"https:\/\/www.sencico.org\/wp\/\">Read more<\/a><\/p>\n","protected":false},"author":1,"featured_media":0,"parent":0,"menu_order":0,"comment_status":"closed","ping_status":"closed","template":"","meta":{"footnotes":""},"_links":{"self":[{"href":"https:\/\/www.sencico.org\/wp\/wp-json\/wp\/v2\/pages\/24"}],"collection":[{"href":"https:\/\/www.sencico.org\/wp\/wp-json\/wp\/v2\/pages"}],"about":[{"href":"https:\/\/www.sencico.org\/wp\/wp-json\/wp\/v2\/types\/page"}],"author":[{"embeddable":true,"href":"https:\/\/www.sencico.org\/wp\/wp-json\/wp\/v2\/users\/1"}],"replies":[{"embeddable":true,"href":"https:\/\/www.sencico.org\/wp\/wp-json\/wp\/v2\/comments?post=24"}],"version-history":[{"count":235,"href":"https:\/\/www.sencico.org\/wp\/wp-json\/wp\/v2\/pages\/24\/revisions"}],"predecessor-version":[{"id":1856,"href":"https:\/\/www.sencico.org\/wp\/wp-json\/wp\/v2\/pages\/24\/revisions\/1856"}],"wp:attachment":[{"href":"https:\/\/www.sencico.org\/wp\/wp-json\/wp\/v2\/media?parent=24"}],"curies":[{"name":"wp","href":"https:\/\/api.w.org\/{rel}","templated":true}]}}